{"id":775,"date":"2023-09-02T15:43:10","date_gmt":"2023-09-02T13:43:10","guid":{"rendered":"https:\/\/o9labs.fr\/?post_type=product&#038;p=775"},"modified":"2024-01-07T18:44:59","modified_gmt":"2024-01-07T17:44:59","slug":"lisses-garde-corps","status":"publish","type":"product","link":"https:\/\/o9labs.fr\/?product=lisses-garde-corps","title":{"rendered":"Lisses garde corps"},"content":{"rendered":"<p>Lisses de garde corps : 3 m\u00e8tres en Acier Galvanis\u00e9, peinte aux extr\u00e9mit\u00e9s sur 30cm &#8211; \u00e9paisseur 2,5 mm &#8211; avec bouchons<\/p>\n<p>Les embouts peints permettent un contr\u00f4le visuel rapide du d\u00e9passement des lisses de garde-corps par rapport au potelet<\/p>\n<p>Bouchons \u00e0 chaque extr\u00e9mit\u00e9 (<b>NOIR, ROUGE<\/b> ou <b>JAUNE<\/b>).<\/p>\n<p>Conditionnement : 100 unit\u00e9s par lot<\/p>\n","protected":false},"excerpt":{"rendered":"<p>Nos Lisses garde corps potelet de 3 m\u00e8tres en Acier Galvanis\u00e9 &#8211; \u00e9paisseur 2,5 mm &#8211; peintes et bouchonn\u00e9es<\/p>\n<p>Conditionnement : 100 unit\u00e9s par lot<\/p>\n<p><span style=\"color: #ff0000;\"><strong>EN STOCK<\/strong><\/span><\/p>\n","protected":false},"featured_media":914,"template":"","meta":[],"product_brand":[],"product_cat":[29],"product_tag":[51,52,53],"class_list":{"0":"post-775","1":"product","2":"type-product","3":"status-publish","4":"has-post-thumbnail","6":"product_cat-lisses-et-accessoires-potelets","7":"product_tag-lisse-garde-corps","8":"product_tag-lisse-potelet","9":"product_tag-lisse-securite-chantier","11":"first","12":"instock","13":"shipping-taxable","14":"product-type-simple"},"aioseo_notices":[],"_links":{"self":[{"href":"https:\/\/o9labs.fr\/index.php?rest_route=\/wp\/v2\/product\/775","targetHints":{"allow":["GET"]}}],"collection":[{"href":"https:\/\/o9labs.fr\/index.php?rest_route=\/wp\/v2\/product"}],"about":[{"href":"https:\/\/o9labs.fr\/index.php?rest_route=\/wp\/v2\/types\/product"}],"wp:featuredmedia":[{"embeddable":true,"href":"https:\/\/o9labs.fr\/index.php?rest_route=\/wp\/v2\/media\/914"}],"wp:attachment":[{"href":"https:\/\/o9labs.fr\/index.php?rest_route=%2Fwp%2Fv2%2Fmedia&parent=775"}],"wp:term":[{"taxonomy":"product_brand","embeddable":true,"href":"https:\/\/o9labs.fr\/index.php?rest_route=%2Fwp%2Fv2%2Fproduct_brand&post=775"},{"taxonomy":"product_cat","embeddable":true,"href":"https:\/\/o9labs.fr\/index.php?rest_route=%2Fwp%2Fv2%2Fproduct_cat&post=775"},{"taxonomy":"product_tag","embeddable":true,"href":"https:\/\/o9labs.fr\/index.php?rest_route=%2Fwp%2Fv2%2Fproduct_tag&post=775"}],"curies":[{"name":"wp","href":"https:\/\/api.w.org\/{rel}","templated":true}]}}