{"id":772,"date":"2023-09-02T15:25:35","date_gmt":"2023-09-02T13:25:35","guid":{"rendered":"https:\/\/o9labs.fr\/?post_type=product&#038;p=772"},"modified":"2024-01-07T23:15:14","modified_gmt":"2024-01-07T22:15:14","slug":"platines-de-fixation-pour-potelet","status":"publish","type":"product","link":"https:\/\/o9labs.fr\/?product=platines-de-fixation-pour-potelet","title":{"rendered":"Platines de Fixation Rive de dalle"},"content":{"rendered":"<p><b>Les seules platines du march\u00e9 <\/b>avec un diam\u00e8tre interne de <b>26 mm <\/b>et Garantissant la meilleure tenue du garde-corps<\/p>\n<p>3 mod\u00e8les de platines Rive de Dalle pour r\u00e9pondre aux diff\u00e9rentes contraintes physiques sur le chantier.<\/p>\n<p>Position plaqu\u00e9 contre la dalle (ref : RDD)<\/p>\n<p>Position de l&#8217;axe du potelet \u00e0 4,5 cm de la dalle (ref : FX-TW)<\/p>\n<p>Position de l&#8217;axe du potelet \u00e0 7 cm de la dalle (ref : FX-SW)<\/p>\n","protected":false},"excerpt":{"rendered":"<p>3 mod\u00e8les de platines Rive de Dalle pour r\u00e9pondre aux diff\u00e9rentes contraintes physiques sur le chantier.<\/p>\n","protected":false},"featured_media":923,"template":"","meta":[],"product_brand":[],"product_cat":[29],"product_tag":[],"class_list":{"0":"post-772","1":"product","2":"type-product","3":"status-publish","4":"has-post-thumbnail","6":"product_cat-lisses-et-accessoires-potelets","8":"first","9":"instock","10":"shipping-taxable","11":"product-type-simple"},"aioseo_notices":[],"_links":{"self":[{"href":"https:\/\/o9labs.fr\/index.php?rest_route=\/wp\/v2\/product\/772","targetHints":{"allow":["GET"]}}],"collection":[{"href":"https:\/\/o9labs.fr\/index.php?rest_route=\/wp\/v2\/product"}],"about":[{"href":"https:\/\/o9labs.fr\/index.php?rest_route=\/wp\/v2\/types\/product"}],"wp:featuredmedia":[{"embeddable":true,"href":"https:\/\/o9labs.fr\/index.php?rest_route=\/wp\/v2\/media\/923"}],"wp:attachment":[{"href":"https:\/\/o9labs.fr\/index.php?rest_route=%2Fwp%2Fv2%2Fmedia&parent=772"}],"wp:term":[{"taxonomy":"product_brand","embeddable":true,"href":"https:\/\/o9labs.fr\/index.php?rest_route=%2Fwp%2Fv2%2Fproduct_brand&post=772"},{"taxonomy":"product_cat","embeddable":true,"href":"https:\/\/o9labs.fr\/index.php?rest_route=%2Fwp%2Fv2%2Fproduct_cat&post=772"},{"taxonomy":"product_tag","embeddable":true,"href":"https:\/\/o9labs.fr\/index.php?rest_route=%2Fwp%2Fv2%2Fproduct_tag&post=772"}],"curies":[{"name":"wp","href":"https:\/\/api.w.org\/{rel}","templated":true}]}}