{"id":709,"date":"2023-07-13T10:09:26","date_gmt":"2023-07-13T08:09:26","guid":{"rendered":"https:\/\/o9labs.fr\/?post_type=product&#038;p=709"},"modified":"2025-03-02T11:56:33","modified_gmt":"2025-03-02T10:56:33","slug":"garde-corps-de-chantier","status":"publish","type":"product","link":"https:\/\/o9labs.fr\/?product=garde-corps-de-chantier","title":{"rendered":"1 &#8211; Garde Corps Multidirectionnel &#8211; H48"},"content":{"rendered":"<p>Produit conforme \u00e0 la norme <span style=\"color: #ff0000;\"><strong>EN 13374<\/strong><\/span> &#8211;\u00a0<b>Produit extremement robuste avec son tube en diam\u00e8tre 48mm<\/b><\/p>\n<p>Le H48 est un <strong>garde-corps <\/strong>\u00a0<strong>multidirectionnel<\/strong>. La libre rotation des pinces permet de s\u2019adapter \u00e0 tous les angles et s&#8217;adapte \u00e0 toute les poses. Les griffes composent le syst\u00e8me de blocage par pression. Le H48 dispose d\u2019une double plinthe pivotante et d\u2019un syst\u00e8me anti-soul\u00e8vement<\/p>\n<p>Il est disponible en plusieurs versions :<\/p>\n<ul>\n<li><strong>potelet H48 <\/strong>&#8211; 2 BLOQUEURS manchon \u00d825 \u2013 hauteur 1m20 &#8211; poids 6,3 KG<\/li>\n<li><strong>potelet H48 <\/strong>&#8211; 3 BLOQUEURS manchon \u00d825 \u2013 hauteur 1m60 &#8211; poids 7,1 KG<\/li>\n<li><strong>potelet H48<\/strong> &#8211; 2 BLOQUEURS manchon \u00d840 \u2013 hauteur 1m20 &#8211; poids 8,3 KG<\/li>\n<\/ul>\n<p>MATIERE : Acier Galvanis\u00e9 S235 avec Capuchon Acier ROUGE<\/p>\n<p>CONDITIONNEMENT : 108 unit\u00e9s par panier &#8211; Livr\u00e9 en panier de transport acier<\/p>\n","protected":false},"excerpt":{"rendered":"<p>Produit conforme \u00e0 la norme<span style=\"color: #000000;\"> <strong>EN 13374<\/strong><\/span> &#8211; <b>Le Potelet Multidirectionnel le plus Robuste du march\u00e9. Existe en version 2 ou 3 lisses &#8211; R\u00e9servation en D25mm ou D40mm<\/b><\/p>\n<p>Notre Best Seller : +30 000 unit\u00e9s fabriqu\u00e9es<\/p>\n","protected":false},"featured_media":785,"template":"","meta":[],"product_brand":[],"product_cat":[24],"product_tag":[39,37,32,41,25,38,42,31,33],"class_list":{"0":"post-709","1":"product","2":"type-product","3":"status-publish","4":"has-post-thumbnail","6":"product_cat-garde-corps-et-potelets-de-securite","7":"product_tag-garde-corps-a-griffes","8":"product_tag-garde-corps-de-chantier","9":"product_tag-garde-corps","10":"product_tag-h48","11":"product_tag-potelet","12":"product_tag-potelet-a-griffes","13":"product_tag-potelet-de-securite","14":"product_tag-potelet-h48","15":"product_tag-protection-collective","17":"first","18":"instock","19":"featured","20":"shipping-taxable","21":"product-type-simple"},"aioseo_notices":[],"_links":{"self":[{"href":"https:\/\/o9labs.fr\/index.php?rest_route=\/wp\/v2\/product\/709","targetHints":{"allow":["GET"]}}],"collection":[{"href":"https:\/\/o9labs.fr\/index.php?rest_route=\/wp\/v2\/product"}],"about":[{"href":"https:\/\/o9labs.fr\/index.php?rest_route=\/wp\/v2\/types\/product"}],"wp:featuredmedia":[{"embeddable":true,"href":"https:\/\/o9labs.fr\/index.php?rest_route=\/wp\/v2\/media\/785"}],"wp:attachment":[{"href":"https:\/\/o9labs.fr\/index.php?rest_route=%2Fwp%2Fv2%2Fmedia&parent=709"}],"wp:term":[{"taxonomy":"product_brand","embeddable":true,"href":"https:\/\/o9labs.fr\/index.php?rest_route=%2Fwp%2Fv2%2Fproduct_brand&post=709"},{"taxonomy":"product_cat","embeddable":true,"href":"https:\/\/o9labs.fr\/index.php?rest_route=%2Fwp%2Fv2%2Fproduct_cat&post=709"},{"taxonomy":"product_tag","embeddable":true,"href":"https:\/\/o9labs.fr\/index.php?rest_route=%2Fwp%2Fv2%2Fproduct_tag&post=709"}],"curies":[{"name":"wp","href":"https:\/\/api.w.org\/{rel}","templated":true}]}}