{"id":90,"date":"2022-02-14T10:48:51","date_gmt":"2022-02-14T09:48:51","guid":{"rendered":"https:\/\/o9labs.fr\/?page_id=90"},"modified":"2025-03-02T15:55:34","modified_gmt":"2025-03-02T14:55:34","slug":"a-propos-de-o9-labs","status":"publish","type":"page","link":"https:\/\/o9labs.fr\/?page_id=90","title":{"rendered":"A propos de o9 Labs"},"content":{"rendered":"<p><strong>09 Labs<\/strong> &#8211; email : contact@o9labs.fr<\/p><p>975, Route de Rivas &#8211; 42330 Chamboeuf &#8211; FRANCE &#8211; SIRET : 833 585 326 00014 &#8211; N\u00b0 de TVA : FR57833585326<\/p><div class=\"wp-block-media-text alignwide is-stacked-on-mobile\" style=\"grid-template-columns:20% auto\"><figure class=\"wp-block-media-text__media\"><img loading=\"lazy\" decoding=\"async\" width=\"1024\" height=\"554\" src=\"https:\/\/o9labs.fr\/wp-content\/uploads\/2023\/07\/ingenierie-1024x554.jpg\" alt=\"\" class=\"wp-image-623 size-full\" srcset=\"https:\/\/o9labs.fr\/wp-content\/uploads\/2023\/07\/ingenierie-1024x554.jpg 1024w, https:\/\/o9labs.fr\/wp-content\/uploads\/2023\/07\/ingenierie-600x324.jpg 600w, https:\/\/o9labs.fr\/wp-content\/uploads\/2023\/07\/ingenierie-300x162.jpg 300w, https:\/\/o9labs.fr\/wp-content\/uploads\/2023\/07\/ingenierie-768x415.jpg 768w, https:\/\/o9labs.fr\/wp-content\/uploads\/2023\/07\/ingenierie.jpg 1182w\" sizes=\"auto, (max-width: 1024px) 100vw, 1024px\" \/><\/figure><div class=\"wp-block-media-text__content\"><p style=\"font-size:16px\"><strong>Ing\u00e9nierie et Conseil Industriel<\/strong> <\/p>\n\n<p style=\"font-size:16px\">Nous vous accompagnons dans la conception de vos solutions industrielles jusqu&#8217;\u00e0 la r\u00e9alisation (Etudes et Plans, Prototypes, Industrialisation et Fabrication) en combinant nos expertises en Structures M\u00e9caniques, Mat\u00e9riaux et cadres normatifs.<\/p>\n\n<p style=\"font-size:16px\">Nous vous conseillons en particulier sur le bon usage des mat\u00e9riels dans le cadre de la norme EN13374<\/p><\/div><\/div><div class=\"wp-block-media-text alignwide is-stacked-on-mobile\" style=\"grid-template-columns:20% auto\"><figure class=\"wp-block-media-text__media\"><img loading=\"lazy\" decoding=\"async\" width=\"287\" height=\"412\" src=\"https:\/\/o9labs.fr\/wp-content\/uploads\/2023\/07\/Machines3.jpg\" alt=\"\" class=\"wp-image-613 size-full\" srcset=\"https:\/\/o9labs.fr\/wp-content\/uploads\/2023\/07\/Machines3.jpg 287w, https:\/\/o9labs.fr\/wp-content\/uploads\/2023\/07\/Machines3-209x300.jpg 209w\" sizes=\"auto, (max-width: 287px) 100vw, 287px\" \/><\/figure><div class=\"wp-block-media-text__content\"><div class=\"wp-block-group\"><div class=\"wp-block-group__inner-container is-layout-flow wp-block-group-is-layout-flow\"><p style=\"font-size:16px\"><strong>Fabrication <\/strong>: Un outil de production moderne<\/p>\n\n<p style=\"font-size:16px\">O9 Labs dispose de plusieurs capacit\u00e9s de production : Petites\/Moyennes s\u00e9ries et Grandes S\u00e9ries. Enfin nous disposons d&#8217;un savoir faire sp\u00e9cifique pour le travail de l&#8217;aluminium.<\/p>\n\n<p style=\"font-size:16px\"><\/p>\n\n<p style=\"font-size:16px\">Parmis les \u00e9quipements : <\/p>\n\n<p style=\"font-size:16px\">10 bancs d&#8217;usinage \u00e0 commande num\u00e9rique &#8211; 4 cintreuses Fil et aciers : 5 axes &#8211; 2 Sertisseuses, robots et postes de soudure, 4 presses m\u00e9caniques (de 30T \u00e0 200T)<\/p><\/div><\/div><\/div><\/div><hr class=\"wp-block-separator has-css-opacity\"\/><div class=\"wp-block-media-text alignwide is-stacked-on-mobile\" style=\"grid-template-columns:20% auto\"><figure class=\"wp-block-media-text__media\"><img loading=\"lazy\" decoding=\"async\" width=\"736\" height=\"737\" src=\"https:\/\/o9labs.fr\/wp-content\/uploads\/2023\/07\/Warehouse-map-1.png\" alt=\"\" class=\"wp-image-619 size-full\" srcset=\"https:\/\/o9labs.fr\/wp-content\/uploads\/2023\/07\/Warehouse-map-1.png 736w, https:\/\/o9labs.fr\/wp-content\/uploads\/2023\/07\/Warehouse-map-1-300x300.png 300w, https:\/\/o9labs.fr\/wp-content\/uploads\/2023\/07\/Warehouse-map-1-100x100.png 100w, https:\/\/o9labs.fr\/wp-content\/uploads\/2023\/07\/Warehouse-map-1-600x601.png 600w, https:\/\/o9labs.fr\/wp-content\/uploads\/2023\/07\/Warehouse-map-1-150x150.png 150w\" sizes=\"auto, (max-width: 736px) 100vw, 736px\" \/><\/figure><div class=\"wp-block-media-text__content\"><p style=\"font-size:16px\"><strong>O9 LABS DISTRIBUTEUR <\/strong>: Commercialisation de produits sid\u00e9rurgiques et mat\u00e9riaux<\/p>\n\n<p style=\"font-size:16px\">O9 Labs est partenaires strat\u00e9gique de 2 aci\u00e9ries et distribue les aciers de construction (Aciers Plats jusque 40mm d&#8217;\u00e9paisseur &#8211; S235 \u00e0 S460, Aciers de construction &#8211; et Profil\u00e9s S235)<\/p>\n\n<p style=\"font-size:16px\">Nous disposons de nos entrep\u00f4ts de stockages (Dept 76 et bient\u00f4t dans le 42)<\/p><\/div><\/div><hr class=\"wp-block-separator has-css-opacity\"\/>","protected":false},"excerpt":{"rendered":"<p>09 Labs &#8211; email : contact@o9labs.fr 975, Route de Rivas &#8211; 42330 Chamboeuf &#8211; FRANCE &#8211; SIRET : 833 585 326 00014 &#8211; N\u00b0 de TVA : FR57833585326 Ing\u00e9nierie et &#8230;<\/p>\n","protected":false},"author":1,"featured_media":0,"parent":0,"menu_order":0,"comment_status":"closed","ping_status":"closed","template":"","meta":{"footnotes":""},"class_list":["post-90","page","type-page","status-publish","hentry"],"aioseo_notices":[],"_links":{"self":[{"href":"https:\/\/o9labs.fr\/index.php?rest_route=\/wp\/v2\/pages\/90","targetHints":{"allow":["GET"]}}],"collection":[{"href":"https:\/\/o9labs.fr\/index.php?rest_route=\/wp\/v2\/pages"}],"about":[{"href":"https:\/\/o9labs.fr\/index.php?rest_route=\/wp\/v2\/types\/page"}],"author":[{"embeddable":true,"href":"https:\/\/o9labs.fr\/index.php?rest_route=\/wp\/v2\/users\/1"}],"replies":[{"embeddable":true,"href":"https:\/\/o9labs.fr\/index.php?rest_route=%2Fwp%2Fv2%2Fcomments&post=90"}],"version-history":[{"count":55,"href":"https:\/\/o9labs.fr\/index.php?rest_route=\/wp\/v2\/pages\/90\/revisions"}],"predecessor-version":[{"id":1223,"href":"https:\/\/o9labs.fr\/index.php?rest_route=\/wp\/v2\/pages\/90\/revisions\/1223"}],"wp:attachment":[{"href":"https:\/\/o9labs.fr\/index.php?rest_route=%2Fwp%2Fv2%2Fmedia&parent=90"}],"curies":[{"name":"wp","href":"https:\/\/api.w.org\/{rel}","templated":true}]}}