{"id":359,"date":"2022-06-24T11:20:54","date_gmt":"2022-06-24T09:20:54","guid":{"rendered":"https:\/\/o9labs.fr\/?page_id=359"},"modified":"2024-12-30T18:23:02","modified_gmt":"2024-12-30T17:23:02","slug":"aciers","status":"publish","type":"page","link":"https:\/\/o9labs.fr\/?page_id=359","title":{"rendered":"Aciers Bruts et Transform\u00e9s"},"content":{"rendered":"<hr class=\"wp-block-separator has-alpha-channel-opacity\"\/><h2 class=\"wp-block-heading\">Sp\u00e9cialiste en produits sid\u00e9rurgiques<\/h2><p><strong>Sp\u00e9cialis\u00e9e dans la commercialisation de produits sid\u00e9rurgiques o9 Labs vous proposera une solution pour tous vos besoins en mati\u00e8re premi\u00e8re.<\/strong> Nous proposons des produits \u00e0 une client\u00e8le diversifi\u00e9e Industrielle et du secteur du b\u00e2timent.<\/p><p>Dans un\u00a0<strong>march\u00e9 de l\u2019acier de plus en plus complexe<\/strong>, nous vous proposons le meilleur prix possible avec des produits trac\u00e9s et r\u00e9pondant aux normes europ\u00e9ennes et intenationales.<\/p><hr class=\"wp-block-separator has-alpha-channel-opacity\"\/><div class=\"wp-block-media-text is-stacked-on-mobile\"><figure class=\"wp-block-media-text__media\"><img loading=\"lazy\" decoding=\"async\" width=\"1024\" height=\"1024\" src=\"https:\/\/o9labs.fr\/wp-content\/uploads\/2024\/12\/Aciers-1024x1024.png\" alt=\"\" class=\"wp-image-1149 size-full\" srcset=\"https:\/\/o9labs.fr\/wp-content\/uploads\/2024\/12\/Aciers-1024x1024.png 1024w, https:\/\/o9labs.fr\/wp-content\/uploads\/2024\/12\/Aciers-300x300.png 300w, https:\/\/o9labs.fr\/wp-content\/uploads\/2024\/12\/Aciers-150x150.png 150w, https:\/\/o9labs.fr\/wp-content\/uploads\/2024\/12\/Aciers-768x768.png 768w, https:\/\/o9labs.fr\/wp-content\/uploads\/2024\/12\/Aciers.png 1500w\" sizes=\"auto, (max-width: 1024px) 100vw, 1024px\" \/><\/figure><div class=\"wp-block-media-text__content\"><p>Experts en aciers et alliages : nous pouvons vous fournir des <strong>aciers Lamin\u00e9s S235J \u00e0 460NL<\/strong>, Bruts ou Galvanis\u00e9s<\/p>\n\n<p>Tra\u00e7abilit\u00e9 Mati\u00e8re avec certificats de conformit\u00e9 : tous nos produits sont issus d&#8217;usines certifi\u00e9es (EN10025-3 \/ IS \/ ASTM) selon vos besoins.<\/p>\n\n<p>Notre logistique internationale (consolidation, fret et import) est adapt\u00e9e et \u00e9prouv\u00e9e. <\/p><\/div><\/div><hr class=\"wp-block-separator has-alpha-channel-opacity\"\/><div class=\"wp-block-media-text is-stacked-on-mobile\"><figure class=\"wp-block-media-text__media\"><img loading=\"lazy\" decoding=\"async\" width=\"1024\" height=\"1024\" src=\"https:\/\/o9labs.fr\/wp-content\/uploads\/2024\/12\/Aciers-constrcution-1024x1024.png\" alt=\"\" class=\"wp-image-1157 size-full\" srcset=\"https:\/\/o9labs.fr\/wp-content\/uploads\/2024\/12\/Aciers-constrcution-1024x1024.png 1024w, https:\/\/o9labs.fr\/wp-content\/uploads\/2024\/12\/Aciers-constrcution-300x300.png 300w, https:\/\/o9labs.fr\/wp-content\/uploads\/2024\/12\/Aciers-constrcution-150x150.png 150w, https:\/\/o9labs.fr\/wp-content\/uploads\/2024\/12\/Aciers-constrcution-768x768.png 768w, https:\/\/o9labs.fr\/wp-content\/uploads\/2024\/12\/Aciers-constrcution.png 1500w\" sizes=\"auto, (max-width: 1024px) 100vw, 1024px\" \/><\/figure><div class=\"wp-block-media-text__content\"><p>Nous fournissons tous les aciers de construction :<\/p>\n\n<p><strong>Fer \u00e0 B\u00e9ton en B500 \u00e0 550<\/strong> de diam\u00e8tre 8 \u00e0 40 mm<\/p>\n\n<p>Poutre et Aciers de Structure &#8211; <strong>IPN<\/strong> en longueur standard ou \u00e0 la d\u00e9coupe sur plan<\/p><\/div><\/div>","protected":false},"excerpt":{"rendered":"<p>Sp\u00e9cialiste en produits sid\u00e9rurgiques Sp\u00e9cialis\u00e9e dans la commercialisation de produits sid\u00e9rurgiques o9 Labs vous proposera une solution pour tous vos besoins en mati\u00e8re premi\u00e8re. Nous proposons des produits \u00e0 une &#8230;<\/p>\n","protected":false},"author":1,"featured_media":0,"parent":0,"menu_order":0,"comment_status":"closed","ping_status":"closed","template":"","meta":{"footnotes":""},"class_list":["post-359","page","type-page","status-publish","hentry"],"aioseo_notices":[],"_links":{"self":[{"href":"https:\/\/o9labs.fr\/index.php?rest_route=\/wp\/v2\/pages\/359","targetHints":{"allow":["GET"]}}],"collection":[{"href":"https:\/\/o9labs.fr\/index.php?rest_route=\/wp\/v2\/pages"}],"about":[{"href":"https:\/\/o9labs.fr\/index.php?rest_route=\/wp\/v2\/types\/page"}],"author":[{"embeddable":true,"href":"https:\/\/o9labs.fr\/index.php?rest_route=\/wp\/v2\/users\/1"}],"replies":[{"embeddable":true,"href":"https:\/\/o9labs.fr\/index.php?rest_route=%2Fwp%2Fv2%2Fcomments&post=359"}],"version-history":[{"count":18,"href":"https:\/\/o9labs.fr\/index.php?rest_route=\/wp\/v2\/pages\/359\/revisions"}],"predecessor-version":[{"id":1160,"href":"https:\/\/o9labs.fr\/index.php?rest_route=\/wp\/v2\/pages\/359\/revisions\/1160"}],"wp:attachment":[{"href":"https:\/\/o9labs.fr\/index.php?rest_route=%2Fwp%2Fv2%2Fmedia&parent=359"}],"curies":[{"name":"wp","href":"https:\/\/api.w.org\/{rel}","templated":true}]}}